{"id":12956,"date":"2025-01-27T22:58:50","date_gmt":"2025-01-27T22:58:50","guid":{"rendered":"https:\/\/gorsko.shop\/?post_type=product&#038;p=12956"},"modified":"2025-01-27T23:00:09","modified_gmt":"2025-01-27T23:00:09","slug":"vijak-torx-s-ploscato-glavo-8-480mm-kos-copy","status":"publish","type":"product","link":"https:\/\/gorsko.shop\/en\/product\/vijak-torx-s-ploscato-glavo-8-480mm-kos-copy\/","title":{"rendered":"TORX flat head screw, 8\/480mm (pcs)"},"content":{"rendered":"<p data-pm-slice=\"1 1 [&quot;bulletList&quot;,null,&quot;listItem&quot;,null,&quot;bulletList&quot;,null,&quot;listItem&quot;,null]\">This screw is a very commonly used screw for timber structures, especially where a higher fastening force is required. The flat-head screw differs from conventional wood screws in having a flange head which acts as a washer and provides high tensile strength. The screw is certified for structural applications subjected to loads in any direction with respect to the axis (\u03b1 = 0\u00b0 - 90\u00b0). It is available in different thicknesses and lengths.<\/p>","protected":false},"excerpt":{"rendered":"<p>Ta vijak je zelo pogosto uporabljen vijak za lesene konstrukcije, predvsem tam, kjer je potrebna ve\u010dja sila pritrditve. Vijak s plo\u0161\u010dato glavo se od obi\u010dajnih lesnih vijakov razlikuje po glavi prirobnice, ki opravlja funkcijo podlo\u017eke in zagotavlja visoko natezno trdnost. Vijak je certificiran za konstrukcijske aplikacije, ki so izpostavljene obremenitvam v kateri koli smeri glede [&hellip;]<\/p>","protected":false},"featured_media":12880,"template":"","meta":[],"product_brand":[],"product_cat":[114,113],"product_tag":[],"class_list":{"0":"post-12956","1":"product","2":"type-product","3":"status-publish","4":"has-post-thumbnail","6":"product_cat-vijaki","7":"product_cat-vijaki-in-okovje","9":"first","10":"instock","11":"taxable","12":"shipping-taxable","13":"purchasable","14":"product-type-simple"},"_links":{"self":[{"href":"https:\/\/gorsko.shop\/en\/wp-json\/wp\/v2\/product\/12956","targetHints":{"allow":["GET"]}}],"collection":[{"href":"https:\/\/gorsko.shop\/en\/wp-json\/wp\/v2\/product"}],"about":[{"href":"https:\/\/gorsko.shop\/en\/wp-json\/wp\/v2\/types\/product"}],"wp:featuredmedia":[{"embeddable":true,"href":"https:\/\/gorsko.shop\/en\/wp-json\/wp\/v2\/media\/12880"}],"wp:attachment":[{"href":"https:\/\/gorsko.shop\/en\/wp-json\/wp\/v2\/media?parent=12956"}],"wp:term":[{"taxonomy":"product_brand","embeddable":true,"href":"https:\/\/gorsko.shop\/en\/wp-json\/wp\/v2\/product_brand?post=12956"},{"taxonomy":"product_cat","embeddable":true,"href":"https:\/\/gorsko.shop\/en\/wp-json\/wp\/v2\/product_cat?post=12956"},{"taxonomy":"product_tag","embeddable":true,"href":"https:\/\/gorsko.shop\/en\/wp-json\/wp\/v2\/product_tag?post=12956"}],"curies":[{"name":"wp","href":"https:\/\/api.w.org\/{rel}","templated":true}]}}