{"id":12675,"date":"2024-07-18T21:18:31","date_gmt":"2024-07-18T21:18:31","guid":{"rendered":"https:\/\/gorsko.shop\/?post_type=product&#038;p=12675"},"modified":"2025-08-14T23:20:31","modified_gmt":"2025-08-14T23:20:31","slug":"lesna-volna-20kg","status":"publish","type":"product","link":"https:\/\/gorsko.shop\/en\/product\/lesna-volna-20kg\/","title":{"rendered":"Wood Wool 20kg"},"content":{"rendered":"<p>Wood wool is suitable as a packing filler or for decoration.<\/p>\n<p><strong>Natural product<\/strong><br \/>\nWood wool is produced from dry spruce wood, without any admixtures. The product is natural,<br \/>\nsustainable, ecologically sound, biodegradable.<br \/>\nIf it is used for gift wrapping, it can be reused after the end of that use.<br \/>\nfor decoration or as kindling in the fireplace, or as a roofing material in the garden, etc.<\/p>\n<p><strong>Examples of use:<\/strong><br \/>\n- as a decorative filler in gift box packaging (e.g. wine bottles, cheese and meat products, soap,<br \/>\ncosmetics...)<br \/>\n- as transport protection (e.g. various technical products, ceramic products, etc.)<\/p>\n<p><strong>Quality<\/strong><br \/>\nWood wool is suitable for use as a filler in (gift) packaging, decoration, creation and<br \/>\nother different purposes.<br \/>\nIt is made of spruce wood with no additives added, and the fibres are medium-thin and medium-soft.<br \/>\nExtremely fine wood fibres suitable for very small boxes (e.g. for 10\/15cm boxes or<br \/>\nsmaller) are not available.<\/p>\n<p><strong>Stock<\/strong><br \/>\nA certain amount of wood wool is always in stock. Dispatch by delivery service is within 7 days, but personal collection is also possible.<\/p>\n<p><strong>Payments<\/strong><br \/>\nThere are several ways to pay:<br \/>\n- by crediting the TRR,<br \/>\n- by PayPal transfer to nakup@gorsko.si or<br \/>\n- cash on collection at the company's head office.<br \/>\nCash on delivery is not possible.<br \/>\nYou cannot pay by card at the company's head office.<\/p>\n<p><strong>Packages<\/strong><br \/>\nCurrent packages are 1kg, 2kg, 5kg, 10kg, 20kg, 30kg, pallet, jumbo bag 1m3 or bulk on<br \/>\ntruck. Other packages are available by prior arrangement.<\/p>\n<p><strong>PROCUREMENT PROCEDURE<\/strong><br \/>\nYou can order wood wool in different packages via this webshop, by e-mail or by contacting us.<br \/>\nat our company headquarters.<\/p>\n<p>A. order via the online shop (recommended):<br \/>\n- choose the package you want, enter the delivery address and phone number for the delivery service<br \/>\n- you will receive an email confirmation of your purchase with payment details (credit to TRR or PayPal)<br \/>\n- make a payment<br \/>\n- dispatched by delivery service<\/p>\n<p>B. order by email:<br \/>\n- send your delivery address and a telephone number for the delivery service<br \/>\n- we will email you back an invoice with payment details<br \/>\n- make a transfer<br \/>\n- dispatched by delivery service<\/p>\n<p>C. order at the company's head office:<br \/>\n- during working hours between 7am and 3pm every weekday, please visit our production at GT<br \/>\nGORSKO d.o.o., Medribnik 27e, 2282 Cirkulane<br \/>\n- you pick up the package and pay in cash (card payment is not possible on collection in person!)<\/p>\n<p><strong>PRICE LIST:<\/strong><br \/>\n1kg = 10\u20ac (10\u20ac\/kg)<br \/>\n2kg = 15\u20ac (7,5\u20ac\/kg)<br \/>\n5kg = 25\u20ac (5\u20ac\/kg)<br \/>\n10kg = 35\u20ac (3,5\u20ac\/kg)<br \/>\n20kg = 70\u20ac (3,5\u20ac\/kg)<br \/>\n30 kg = 105 \u20ac (3,5 \u20ac\/kg)<br \/>\nAll prices include 22% VAT.<br \/>\nDelivery is charged at an additional flat rate of \u20ac7\/order, regardless of the number of packages.<\/p>\n<p><strong>FURTHER INFORMATION:<\/strong><br \/>\nFor more information:<br \/>\nlesnavolna@gorsko.si<\/p>","protected":false},"excerpt":{"rendered":"<p>Lesna volna je primerna kot polnilo za pakiranje ali za dekoracijo. Naravni izdelek Lesno volno proizvajamo iz lesa suhe smreke, brez kakr\u0161nihkoli primesi. Izdelek je naraven, trajnosten, ekolo\u0161ko nesporen, biorazgradljiv. \u010ce ga uporabimo za namen pakiranja daril, ga lahko po koncu te uporabe ponovno uporabimo \u0161e za dekoracijo ali pa za pod\u017eig v kaminu, pa [&hellip;]<\/p>","protected":false},"featured_media":12672,"template":"","meta":[],"product_brand":[],"product_cat":[112],"product_tag":[],"class_list":{"0":"post-12675","1":"product","2":"type-product","3":"status-publish","4":"has-post-thumbnail","6":"product_cat-lesna-volna","8":"first","9":"instock","10":"taxable","11":"shipping-taxable","12":"purchasable","13":"product-type-simple"},"_links":{"self":[{"href":"https:\/\/gorsko.shop\/en\/wp-json\/wp\/v2\/product\/12675","targetHints":{"allow":["GET"]}}],"collection":[{"href":"https:\/\/gorsko.shop\/en\/wp-json\/wp\/v2\/product"}],"about":[{"href":"https:\/\/gorsko.shop\/en\/wp-json\/wp\/v2\/types\/product"}],"wp:featuredmedia":[{"embeddable":true,"href":"https:\/\/gorsko.shop\/en\/wp-json\/wp\/v2\/media\/12672"}],"wp:attachment":[{"href":"https:\/\/gorsko.shop\/en\/wp-json\/wp\/v2\/media?parent=12675"}],"wp:term":[{"taxonomy":"product_brand","embeddable":true,"href":"https:\/\/gorsko.shop\/en\/wp-json\/wp\/v2\/product_brand?post=12675"},{"taxonomy":"product_cat","embeddable":true,"href":"https:\/\/gorsko.shop\/en\/wp-json\/wp\/v2\/product_cat?post=12675"},{"taxonomy":"product_tag","embeddable":true,"href":"https:\/\/gorsko.shop\/en\/wp-json\/wp\/v2\/product_tag?post=12675"}],"curies":[{"name":"wp","href":"https:\/\/api.w.org\/{rel}","templated":true}]}}