{"id":633,"date":"2020-10-13T09:00:26","date_gmt":"2020-10-13T09:00:26","guid":{"rendered":"http:\/\/localhost\/razzi\/?page_id=633"},"modified":"2024-11-18T22:10:08","modified_gmt":"2024-11-18T22:10:08","slug":"about-us","status":"publish","type":"page","link":"https:\/\/gorsko.shop\/en\/about-us\/","title":{"rendered":"About the company"},"content":{"rendered":"<div data-elementor-type=\"wp-page\" data-elementor-id=\"633\" class=\"elementor elementor-633\">\n\t\t\t\t\t\t<section class=\"elementor-section elementor-top-section elementor-element elementor-element-a9435d9 elementor-section-boxed elementor-section-height-default elementor-section-height-default\" data-id=\"a9435d9\" data-element_type=\"section\">\n\t\t\t\t\t\t<div class=\"elementor-container elementor-column-gap-extended\">\n\t\t\t\t\t<div class=\"elementor-column elementor-col-50 elementor-top-column elementor-element elementor-element-2ca6e37\" data-id=\"2ca6e37\" data-element_type=\"column\">\n\t\t\t<div class=\"elementor-widget-wrap elementor-element-populated\">\n\t\t\t\t\t\t<div class=\"elementor-element elementor-element-19a047b elementor-widget elementor-widget-image\" data-id=\"19a047b\" data-element_type=\"widget\" data-widget_type=\"image.default\">\n\t\t\t\t<div class=\"elementor-widget-container\">\n\t\t\t\t\t\t\t\t\t\t\t\t\t\t\t<img fetchpriority=\"high\" decoding=\"async\" width=\"570\" height=\"500\" src=\"https:\/\/gorsko.shop\/wp-content\/uploads\/2024\/07\/o-podjetju.png\" class=\"attachment-large size-large wp-image-12651\" alt=\"\" srcset=\"https:\/\/gorsko.shop\/wp-content\/uploads\/2024\/07\/o-podjetju.png 570w, https:\/\/gorsko.shop\/wp-content\/uploads\/2024\/07\/o-podjetju-300x263.png 300w\" sizes=\"(max-width: 570px) 100vw, 570px\" \/>\t\t\t\t\t\t\t\t\t\t\t\t\t\t\t<\/div>\n\t\t\t\t<\/div>\n\t\t\t\t\t<\/div>\n\t\t<\/div>\n\t\t\t\t<div class=\"elementor-column elementor-col-50 elementor-top-column elementor-element elementor-element-0f3eef1\" data-id=\"0f3eef1\" data-element_type=\"column\">\n\t\t\t<div class=\"elementor-widget-wrap elementor-element-populated\">\n\t\t\t\t\t\t<div class=\"elementor-element elementor-element-b2daf09 elementor-widget elementor-widget-heading\" data-id=\"b2daf09\" data-element_type=\"widget\" data-widget_type=\"heading.default\">\n\t\t\t\t<div class=\"elementor-widget-container\">\n\t\t\t\t\t<h3 class=\"elementor-heading-title elementor-size-default\">About the company<\/h3>\t\t\t\t<\/div>\n\t\t\t\t<\/div>\n\t\t\t\t<div class=\"elementor-element elementor-element-20f4454 elementor-widget elementor-widget-text-editor\" data-id=\"20f4454\" data-element_type=\"widget\" data-widget_type=\"text-editor.default\">\n\t\t\t\t<div class=\"elementor-widget-container\">\n\t\t\t\t\t\t\t\t\t<p>At GT GORSKO d.o.o. we manufacture a variety of wooden structures for prefabricated houses, roofs, office buildings, industrial and agricultural buildings, carports and much more. Our company is equipped with advanced CNC technology for cutting structures and flat materials, which allows us to manufacture accurately and efficiently.<\/p>\t\t\t\t\t\t\t\t<\/div>\n\t\t\t\t<\/div>\n\t\t\t\t<div class=\"elementor-element elementor-element-8d40e42 elementor-widget elementor-widget-text-editor\" data-id=\"8d40e42\" data-element_type=\"widget\" data-widget_type=\"text-editor.default\">\n\t\t\t\t<div class=\"elementor-widget-container\">\n\t\t\t\t\t\t\t\t\t<p>The company boasts expert staff and modern technology to ensure that our products are of the highest quality.\u00a0<\/p>\t\t\t\t\t\t\t\t<\/div>\n\t\t\t\t<\/div>\n\t\t\t\t\t<\/div>\n\t\t<\/div>\n\t\t\t\t\t<\/div>\n\t\t<\/section>\n\t\t\t\t<section class=\"elementor-section elementor-top-section elementor-element elementor-element-6148470 elementor-section-boxed elementor-section-height-default elementor-section-height-default\" data-id=\"6148470\" data-element_type=\"section\" data-settings=\"{&quot;background_background&quot;:&quot;classic&quot;}\">\n\t\t\t\t\t\t<div class=\"elementor-container elementor-column-gap-no\">\n\t\t\t\t\t<div class=\"elementor-column elementor-col-100 elementor-top-column elementor-element elementor-element-9eac81c\" data-id=\"9eac81c\" data-element_type=\"column\">\n\t\t\t<div class=\"elementor-widget-wrap elementor-element-populated\">\n\t\t\t\t\t\t<div class=\"elementor-element elementor-element-82d086f elementor-widget elementor-widget-heading\" data-id=\"82d086f\" data-element_type=\"widget\" data-widget_type=\"heading.default\">\n\t\t\t\t<div class=\"elementor-widget-container\">\n\t\t\t\t\t<h3 class=\"elementor-heading-title elementor-size-default\">Modern technology<\/h3>\t\t\t\t<\/div>\n\t\t\t\t<\/div>\n\t\t\t\t<section class=\"elementor-section elementor-inner-section elementor-element elementor-element-a60adb7 elementor-section-boxed elementor-section-height-default elementor-section-height-default\" data-id=\"a60adb7\" data-element_type=\"section\">\n\t\t\t\t\t\t<div class=\"elementor-container elementor-column-gap-extended\">\n\t\t\t\t\t<div class=\"elementor-column elementor-col-25 elementor-inner-column elementor-element elementor-element-6bf8181\" data-id=\"6bf8181\" data-element_type=\"column\">\n\t\t\t<div class=\"elementor-widget-wrap\">\n\t\t\t\t\t\t\t<\/div>\n\t\t<\/div>\n\t\t\t\t<div class=\"elementor-column elementor-col-25 elementor-inner-column elementor-element elementor-element-e89a4b9\" data-id=\"e89a4b9\" data-element_type=\"column\">\n\t\t\t<div class=\"elementor-widget-wrap elementor-element-populated\">\n\t\t\t\t\t\t<div class=\"elementor-element elementor-element-68278cf elementor-widget elementor-widget-text-editor\" data-id=\"68278cf\" data-element_type=\"widget\" data-widget_type=\"text-editor.default\">\n\t\t\t\t<div class=\"elementor-widget-container\">\n\t\t\t\t\t\t\t\t\t<p>We use advanced technology such as Building Information Modelling (BIM) to improve the design and planning processes of timber structures. We facilitate shop-fabrication through accurate static calculations and the creation of comprehensive production plans, which contributes to higher quality and precision of the final products.<\/p>\t\t\t\t\t\t\t\t<\/div>\n\t\t\t\t<\/div>\n\t\t\t\t\t<\/div>\n\t\t<\/div>\n\t\t\t\t<div class=\"elementor-column elementor-col-25 elementor-inner-column elementor-element elementor-element-f824cf6\" data-id=\"f824cf6\" data-element_type=\"column\">\n\t\t\t<div class=\"elementor-widget-wrap elementor-element-populated\">\n\t\t\t\t\t\t<div class=\"elementor-element elementor-element-22c06f6 elementor-widget elementor-widget-text-editor\" data-id=\"22c06f6\" data-element_type=\"widget\" data-widget_type=\"text-editor.default\">\n\t\t\t\t<div class=\"elementor-widget-container\">\n\t\t\t\t\t\t\t\t\t<p>Our production sites are equipped with state-of-the-art CNC machines that enable efficient and precise execution of projects, whatever their size, and ensure high quality.<\/p>\t\t\t\t\t\t\t\t<\/div>\n\t\t\t\t<\/div>\n\t\t\t\t\t<\/div>\n\t\t<\/div>\n\t\t\t\t<div class=\"elementor-column elementor-col-25 elementor-inner-column elementor-element elementor-element-dd09803\" data-id=\"dd09803\" data-element_type=\"column\">\n\t\t\t<div class=\"elementor-widget-wrap\">\n\t\t\t\t\t\t\t<\/div>\n\t\t<\/div>\n\t\t\t\t\t<\/div>\n\t\t<\/section>\n\t\t\t\t\t<\/div>\n\t\t<\/div>\n\t\t\t\t\t<\/div>\n\t\t<\/section>\n\t\t\t\t<section class=\"elementor-section elementor-top-section elementor-element elementor-element-d546ecf elementor-section-boxed elementor-section-height-default elementor-section-height-default\" data-id=\"d546ecf\" data-element_type=\"section\">\n\t\t\t\t\t\t<div class=\"elementor-container elementor-column-gap-extended\">\n\t\t\t\t\t<div class=\"elementor-column elementor-col-50 elementor-top-column elementor-element elementor-element-d2c4dae\" data-id=\"d2c4dae\" data-element_type=\"column\">\n\t\t\t<div class=\"elementor-widget-wrap elementor-element-populated\">\n\t\t\t\t\t\t<div class=\"elementor-element elementor-element-571e772 elementor-widget elementor-widget-heading\" data-id=\"571e772\" data-element_type=\"widget\" data-widget_type=\"heading.default\">\n\t\t\t\t<div class=\"elementor-widget-container\">\n\t\t\t\t\t<h3 class=\"elementor-heading-title elementor-size-default\">Online shop Gorsko<\/h3>\t\t\t\t<\/div>\n\t\t\t\t<\/div>\n\t\t\t\t<div class=\"elementor-element elementor-element-92f7a50 elementor-widget elementor-widget-text-editor\" data-id=\"92f7a50\" data-element_type=\"widget\" data-widget_type=\"text-editor.default\">\n\t\t\t\t<div class=\"elementor-widget-container\">\n\t\t\t\t\t\t\t\t\t<p>Gorsko also produces wood wool used for decoration and packaging. It also offers a wide range of consumables used in the construction of timber structures, including screwing materials, various fittings, planks, laths and other related products. All these products can be purchased in our online shop.<\/p>\t\t\t\t\t\t\t\t<\/div>\n\t\t\t\t<\/div>\n\t\t\t\t<div class=\"elementor-element elementor-element-7b074ab elementor-widget elementor-widget-text-editor\" data-id=\"7b074ab\" data-element_type=\"widget\" data-widget_type=\"text-editor.default\">\n\t\t\t\t<div class=\"elementor-widget-container\">\n\t\t\t\t\t\t\t\t\t<p>Our commitment to quality and innovation enables us to meet the needs of our customers and contribute to sustainable construction.<\/p>\t\t\t\t\t\t\t\t<\/div>\n\t\t\t\t<\/div>\n\t\t\t\t\t<\/div>\n\t\t<\/div>\n\t\t\t\t<div class=\"elementor-column elementor-col-50 elementor-top-column elementor-element elementor-element-42aaa27\" data-id=\"42aaa27\" data-element_type=\"column\">\n\t\t\t<div class=\"elementor-widget-wrap elementor-element-populated\">\n\t\t\t\t\t\t<div class=\"elementor-element elementor-element-e7bc62e elementor-widget elementor-widget-image\" data-id=\"e7bc62e\" data-element_type=\"widget\" data-widget_type=\"image.default\">\n\t\t\t\t<div class=\"elementor-widget-container\">\n\t\t\t\t\t\t\t\t\t\t\t\t\t\t\t<img decoding=\"async\" width=\"640\" height=\"480\" src=\"https:\/\/gorsko.shop\/wp-content\/uploads\/2024\/07\/firstpage-1024x768.jpg\" class=\"attachment-large size-large wp-image-12531\" alt=\"\" srcset=\"https:\/\/gorsko.shop\/wp-content\/uploads\/2024\/07\/firstpage-1024x768.jpg 1024w, https:\/\/gorsko.shop\/wp-content\/uploads\/2024\/07\/firstpage-670x503.jpg 670w, https:\/\/gorsko.shop\/wp-content\/uploads\/2024\/07\/firstpage-300x225.jpg 300w, https:\/\/gorsko.shop\/wp-content\/uploads\/2024\/07\/firstpage-768x576.jpg 768w, https:\/\/gorsko.shop\/wp-content\/uploads\/2024\/07\/firstpage-1536x1152.jpg 1536w, https:\/\/gorsko.shop\/wp-content\/uploads\/2024\/07\/firstpage-2048x1536.jpg 2048w\" sizes=\"(max-width: 640px) 100vw, 640px\" \/>\t\t\t\t\t\t\t\t\t\t\t\t\t\t\t<\/div>\n\t\t\t\t<\/div>\n\t\t\t\t\t<\/div>\n\t\t<\/div>\n\t\t\t\t\t<\/div>\n\t\t<\/section>\n\t\t\t\t<section class=\"elementor-section elementor-top-section elementor-element elementor-element-8760a14 elementor-section-boxed elementor-section-height-default elementor-section-height-default\" data-id=\"8760a14\" data-element_type=\"section\" data-settings=\"{&quot;background_background&quot;:&quot;classic&quot;}\">\n\t\t\t\t\t\t<div class=\"elementor-container elementor-column-gap-no\">\n\t\t\t\t\t<div class=\"elementor-column elementor-col-100 elementor-top-column elementor-element elementor-element-d470663\" data-id=\"d470663\" data-element_type=\"column\" data-settings=\"{&quot;background_background&quot;:&quot;classic&quot;,&quot;background_motion_fx_motion_fx_scrolling&quot;:&quot;yes&quot;}\">\n\t\t\t<div class=\"elementor-widget-wrap elementor-element-populated\">\n\t\t\t\t\t\t<div class=\"elementor-element elementor-element-1915ec9 elementor-widget elementor-widget-text-editor\" data-id=\"1915ec9\" data-element_type=\"widget\" data-widget_type=\"text-editor.default\">\n\t\t\t\t<div class=\"elementor-widget-container\">\n\t\t\t\t\t\t\t\t\t<p>wood wool for decoration and packaging<\/p>\t\t\t\t\t\t\t\t<\/div>\n\t\t\t\t<\/div>\n\t\t\t\t\t<\/div>\n\t\t<\/div>\n\t\t\t\t\t<\/div>\n\t\t<\/section>\n\t\t\t\t<section class=\"elementor-section elementor-top-section elementor-element elementor-element-64c09b3 elementor-section-boxed elementor-section-height-default elementor-section-height-default\" data-id=\"64c09b3\" data-element_type=\"section\">\n\t\t\t\t\t\t<div class=\"elementor-container elementor-column-gap-extended\">\n\t\t\t\t\t<div class=\"elementor-column elementor-col-25 elementor-top-column elementor-element elementor-element-e366fb2\" data-id=\"e366fb2\" data-element_type=\"column\">\n\t\t\t<div class=\"elementor-widget-wrap\">\n\t\t\t\t\t\t\t<\/div>\n\t\t<\/div>\n\t\t\t\t<div class=\"elementor-column elementor-col-25 elementor-top-column elementor-element elementor-element-0717a3f\" data-id=\"0717a3f\" data-element_type=\"column\">\n\t\t\t<div class=\"elementor-widget-wrap elementor-element-populated\">\n\t\t\t\t\t\t<div class=\"elementor-element elementor-element-c7e9ad8 elementor-widget elementor-widget-image\" data-id=\"c7e9ad8\" data-element_type=\"widget\" data-widget_type=\"image.default\">\n\t\t\t\t<div class=\"elementor-widget-container\">\n\t\t\t\t\t\t\t\t\t\t\t\t\t\t\t<img decoding=\"async\" width=\"640\" height=\"360\" src=\"https:\/\/gorsko.shop\/wp-content\/uploads\/2024\/07\/image_123650291-1024x576.jpeg\" class=\"attachment-large size-large wp-image-12660\" alt=\"\" srcset=\"https:\/\/gorsko.shop\/wp-content\/uploads\/2024\/07\/image_123650291-1024x576.jpeg 1024w, https:\/\/gorsko.shop\/wp-content\/uploads\/2024\/07\/image_123650291-scaled-670x377.jpeg 670w, https:\/\/gorsko.shop\/wp-content\/uploads\/2024\/07\/image_123650291-300x169.jpeg 300w, https:\/\/gorsko.shop\/wp-content\/uploads\/2024\/07\/image_123650291-768x432.jpeg 768w, https:\/\/gorsko.shop\/wp-content\/uploads\/2024\/07\/image_123650291-1536x864.jpeg 1536w, https:\/\/gorsko.shop\/wp-content\/uploads\/2024\/07\/image_123650291-2048x1152.jpeg 2048w\" sizes=\"(max-width: 640px) 100vw, 640px\" \/>\t\t\t\t\t\t\t\t\t\t\t\t\t\t\t<\/div>\n\t\t\t\t<\/div>\n\t\t\t\t<div class=\"elementor-element elementor-element-5b4a736 elementor-widget elementor-widget-image\" data-id=\"5b4a736\" data-element_type=\"widget\" data-widget_type=\"image.default\">\n\t\t\t\t<div class=\"elementor-widget-container\">\n\t\t\t\t\t\t\t\t\t\t\t\t\t\t\t<img loading=\"lazy\" decoding=\"async\" width=\"640\" height=\"480\" src=\"https:\/\/gorsko.shop\/wp-content\/uploads\/2024\/07\/73c50183-68bf-4ca9-98ad-e7ed1a7b4d55-1024x768.jpeg\" class=\"attachment-large size-large wp-image-12661\" alt=\"\" srcset=\"https:\/\/gorsko.shop\/wp-content\/uploads\/2024\/07\/73c50183-68bf-4ca9-98ad-e7ed1a7b4d55-1024x768.jpeg 1024w, https:\/\/gorsko.shop\/wp-content\/uploads\/2024\/07\/73c50183-68bf-4ca9-98ad-e7ed1a7b4d55-670x503.jpeg 670w, https:\/\/gorsko.shop\/wp-content\/uploads\/2024\/07\/73c50183-68bf-4ca9-98ad-e7ed1a7b4d55-300x225.jpeg 300w, https:\/\/gorsko.shop\/wp-content\/uploads\/2024\/07\/73c50183-68bf-4ca9-98ad-e7ed1a7b4d55-768x576.jpeg 768w, https:\/\/gorsko.shop\/wp-content\/uploads\/2024\/07\/73c50183-68bf-4ca9-98ad-e7ed1a7b4d55.jpeg 1200w\" sizes=\"(max-width: 640px) 100vw, 640px\" \/>\t\t\t\t\t\t\t\t\t\t\t\t\t\t\t<\/div>\n\t\t\t\t<\/div>\n\t\t\t\t\t<\/div>\n\t\t<\/div>\n\t\t\t\t<div class=\"elementor-column elementor-col-25 elementor-top-column elementor-element elementor-element-0721a6c\" data-id=\"0721a6c\" data-element_type=\"column\">\n\t\t\t<div class=\"elementor-widget-wrap elementor-element-populated\">\n\t\t\t\t\t\t<div class=\"elementor-element elementor-element-fcb8f3b elementor-widget elementor-widget-image\" data-id=\"fcb8f3b\" data-element_type=\"widget\" data-widget_type=\"image.default\">\n\t\t\t\t<div class=\"elementor-widget-container\">\n\t\t\t\t\t\t\t\t\t\t\t\t\t\t\t<img loading=\"lazy\" decoding=\"async\" width=\"640\" height=\"381\" src=\"https:\/\/gorsko.shop\/wp-content\/uploads\/2024\/07\/gorskoabout-768x457-1.jpg\" class=\"attachment-large size-large wp-image-12655\" alt=\"\" srcset=\"https:\/\/gorsko.shop\/wp-content\/uploads\/2024\/07\/gorskoabout-768x457-1.jpg 768w, https:\/\/gorsko.shop\/wp-content\/uploads\/2024\/07\/gorskoabout-768x457-1-670x399.jpg 670w, https:\/\/gorsko.shop\/wp-content\/uploads\/2024\/07\/gorskoabout-768x457-1-300x179.jpg 300w\" sizes=\"(max-width: 640px) 100vw, 640px\" \/>\t\t\t\t\t\t\t\t\t\t\t\t\t\t\t<\/div>\n\t\t\t\t<\/div>\n\t\t\t\t<div class=\"elementor-element elementor-element-25d36d8 elementor-widget elementor-widget-image\" data-id=\"25d36d8\" data-element_type=\"widget\" data-widget_type=\"image.default\">\n\t\t\t\t<div class=\"elementor-widget-container\">\n\t\t\t\t\t\t\t\t\t\t\t\t\t\t\t<img loading=\"lazy\" decoding=\"async\" width=\"640\" height=\"360\" src=\"https:\/\/gorsko.shop\/wp-content\/uploads\/2024\/07\/dji_fly_20240703_074002_151_1719985366016_photo_optimized-1024x576.jpeg\" class=\"attachment-large size-large wp-image-12665\" alt=\"\" srcset=\"https:\/\/gorsko.shop\/wp-content\/uploads\/2024\/07\/dji_fly_20240703_074002_151_1719985366016_photo_optimized-1024x576.jpeg 1024w, https:\/\/gorsko.shop\/wp-content\/uploads\/2024\/07\/dji_fly_20240703_074002_151_1719985366016_photo_optimized-670x377.jpeg 670w, https:\/\/gorsko.shop\/wp-content\/uploads\/2024\/07\/dji_fly_20240703_074002_151_1719985366016_photo_optimized-300x169.jpeg 300w, https:\/\/gorsko.shop\/wp-content\/uploads\/2024\/07\/dji_fly_20240703_074002_151_1719985366016_photo_optimized-768x432.jpeg 768w, https:\/\/gorsko.shop\/wp-content\/uploads\/2024\/07\/dji_fly_20240703_074002_151_1719985366016_photo_optimized-1536x864.jpeg 1536w, https:\/\/gorsko.shop\/wp-content\/uploads\/2024\/07\/dji_fly_20240703_074002_151_1719985366016_photo_optimized.jpeg 2000w\" sizes=\"(max-width: 640px) 100vw, 640px\" \/>\t\t\t\t\t\t\t\t\t\t\t\t\t\t\t<\/div>\n\t\t\t\t<\/div>\n\t\t\t\t\t<\/div>\n\t\t<\/div>\n\t\t\t\t<div class=\"elementor-column elementor-col-25 elementor-top-column elementor-element elementor-element-913e11a\" data-id=\"913e11a\" data-element_type=\"column\">\n\t\t\t<div class=\"elementor-widget-wrap\">\n\t\t\t\t\t\t\t<\/div>\n\t\t<\/div>\n\t\t\t\t\t<\/div>\n\t\t<\/section>\n\t\t\t\t<\/div>","protected":false},"excerpt":{"rendered":"<p>O podjetu Pri GT GORSKO d.o.o. se ukvarjamo s proizvodnjo razli\u010dnih lesenih konstrukcij za monta\u017ene hi\u0161e, ostre\u0161ja, poslovne zgradbe, industrijske in kmetijske objekte, nadstre\u0161ke in \u0161e mnogo ve\u010d. Na\u0161e podjetje je opremljeno z napredno CNC tehnologijo za razrez konstrukcij ter ploskovnih materialov, kar nam omogo\u010da natan\u010dno in u\u010dinkovito izdelavo. Podjetje se pona\u0161a s strokovnim kadrom [&hellip;]<\/p>","protected":false},"author":1,"featured_media":0,"parent":0,"menu_order":0,"comment_status":"closed","ping_status":"closed","template":"","meta":{"footnotes":""},"class_list":["post-633","page","type-page","status-publish","hentry"],"_links":{"self":[{"href":"https:\/\/gorsko.shop\/en\/wp-json\/wp\/v2\/pages\/633","targetHints":{"allow":["GET"]}}],"collection":[{"href":"https:\/\/gorsko.shop\/en\/wp-json\/wp\/v2\/pages"}],"about":[{"href":"https:\/\/gorsko.shop\/en\/wp-json\/wp\/v2\/types\/page"}],"author":[{"embeddable":true,"href":"https:\/\/gorsko.shop\/en\/wp-json\/wp\/v2\/users\/1"}],"replies":[{"embeddable":true,"href":"https:\/\/gorsko.shop\/en\/wp-json\/wp\/v2\/comments?post=633"}],"version-history":[{"count":63,"href":"https:\/\/gorsko.shop\/en\/wp-json\/wp\/v2\/pages\/633\/revisions"}],"predecessor-version":[{"id":12928,"href":"https:\/\/gorsko.shop\/en\/wp-json\/wp\/v2\/pages\/633\/revisions\/12928"}],"wp:attachment":[{"href":"https:\/\/gorsko.shop\/en\/wp-json\/wp\/v2\/media?parent=633"}],"curies":[{"name":"wp","href":"https:\/\/api.w.org\/{rel}","templated":true}]}}